{"id":8,"date":"2017-03-06T11:24:56","date_gmt":"2017-03-06T14:24:56","guid":{"rendered":"http:\/\/fabiomedinaosorio.com.br\/iiede\/?page_id=8"},"modified":"2017-03-06T11:24:56","modified_gmt":"2017-03-06T14:24:56","slug":"apresentacao","status":"publish","type":"page","link":"https:\/\/www.iiede.com.br\/index.php\/apresentacao\/","title":{"rendered":"Apresenta\u00e7\u00e3o"},"content":{"rendered":"<h3>Apresenta\u00e7\u00e3o<\/h3>\n<p>Ao iniciar o novo mil\u00eanio, mais concretamente em 2003, criou-se no Brasil um novo p\u00f3lo internacional de debate cient\u00edfico, de alto padr\u00e3o. A inspira\u00e7\u00e3o veio da lideran\u00e7a intelectual do Catedr\u00e1tico espanhol Prof. Dr. Eduardo Garc\u00eda de Enterr\u00eda, primeiro Juiz Espanhol do Tribunal Europeu de Direitos Humanos e refer\u00eancia mundial nas C\u00e1tedras Europ\u00e9ias, que veio ent\u00e3o a ser o presidente honor\u00e1rio fundador do <strong>INSTITUTO INTERNACIONAL DE ESTUDOS DE DIREITO DO ESTADO &#8211; IIEDE<\/strong>, composto, em sua maioria, por Catedr\u00e1ticos europeus, grande parte oriunda da Espanha.<\/p>\n<p>Logo na seq\u00fc\u00eancia da funda\u00e7\u00e3o do Instituto, em evento c\u00e9lebre organizado pelo IIEDE, em Porto Alegre, recebeu seu fundador origin\u00e1rio, Presidente honor\u00e1rio Prof. Dr. Eduardo Garc\u00eda de Enterr\u00eda, o doutorado honoris causae pela Universidade Federal do Rio Grande do Sul, naquele mesmo ano.<\/p>\n<p>Trata-se de uma associa\u00e7\u00e3o civil sem fins lucrativos, sediada em Porto Alegre-RS, sede onde funciona atualmente a presid\u00eancia-executiva, na pessoa do Prof.Dr.F\u00e1bio Medina Os\u00f3rio, disc\u00edpulo direto do Catedr\u00e1tico Eduardo Garc\u00eda de Enterr\u00eda na Universidade Complutense de Madrid.<\/p>\n<p>A diretoria est\u00e1 composta pelos Professores Almiro do Couto e Silva, da Universidade Federal do Rio Grande do Sul, e Diogo de Figueiredo Moreira Neto, da Universidade Candido Mendes.<\/p>\n<p>O IIEDE tem por finalidades aglutinar a pesquisa e o conhecimento de especialistas, nacionais e internacionais, na \u00e1rea do Direito do Estado, abarcando preponderantemente os ramos dos Direitos Constitucional, Tribut\u00e1rio, Econ\u00f4mico, Sancionador e Administrativo, sem preju\u00edzo da interface com outros ramos do Direito e da Economia, como \u00e9 o caso do Direito Empresarial.<\/p>\n<p>O prop\u00f3sito do Instituto \u00e9 realizar estudos, pesquisas, publica\u00e7\u00f5es, grupos de trabalho acad\u00eamico, semin\u00e1rios, cursos, congressos, bem como a difus\u00e3o e o interc\u00e2mbio de conhecimentos.<\/p>\n<p>Pretende-se contribuir para o aperfei\u00e7oamento da ordem jur\u00eddica, da ordem econ\u00f4mica e da ordem social a partir de reflex\u00f5es cr\u00edticas e plurais, promovendo eventos, incentivando ou patrocinando diretamente publica\u00e7\u00f5es, aperfei\u00e7oamentos funcionais e fomentando a qualifica\u00e7\u00e3o cont\u00ednua da comunidade cient\u00edfica, empresarial, do aparato p\u00fablico e social por meio de um intenso e incessante interc\u00e2mbio cultural.<\/p>\n<p>No desempenho de suas atividades, o IIEDE relaciona-se amplamente com os setores p\u00fablico e privado, com o meio empresarial, com as entidades reguladoras, com as entidades acad\u00eamicas, com institutos cong\u00eaneres, com organismos transnacionais e nacionais, em busca do atingimento de suas finalidades institucionais, de forma transparente, \u00e9tica e sempre pautado pela efici\u00eancia no cumprimento de suas metas.<\/p>\n<p>Com seus associados, o IIEDE mant\u00e9m v\u00ednculos de plena autonomia e liberdade, respeitando a express\u00e3o de pensamento e a produ\u00e7\u00e3o cient\u00edfica de seus membros, cujos prest\u00edgios emprestam peso e densidade ao instituto, dando-lhe responsabilidade redobrada.<\/p>\n<p>O IIEDE pode celebrar conv\u00eanios e acordos com outras entidades para desempenhar suas atividades e alcan\u00e7ar seus fins, fixando marco regulat\u00f3rio adequado.<\/p>\n","protected":false},"excerpt":{"rendered":"<p>Apresenta\u00e7\u00e3o Ao iniciar o novo mil\u00eanio, mais concretamente em 2003, criou-se no Brasil um novo p\u00f3lo internacional de debate cient\u00edfico, de alto padr\u00e3o. A inspira\u00e7\u00e3o veio da lideran\u00e7a intelectual do Catedr\u00e1tico espanhol Prof. Dr. Eduardo Garc\u00eda de Enterr\u00eda, primeiro Juiz Espanhol do Tribunal Europeu de Direitos Humanos e refer\u00eancia mundial nas C\u00e1tedras Europ\u00e9ias, que veio [&hellip;]<\/p>\n","protected":false},"author":1,"featured_media":0,"parent":0,"menu_order":0,"comment_status":"closed","ping_status":"closed","template":"","meta":{"jetpack_post_was_ever_published":false,"footnotes":""},"class_list":["post-8","page","type-page","status-publish","hentry"],"aioseo_notices":[],"jetpack_sharing_enabled":true,"jetpack_shortlink":"https:\/\/wp.me\/P8yvmq-8","_links":{"self":[{"href":"https:\/\/www.iiede.com.br\/index.php\/wp-json\/wp\/v2\/pages\/8","targetHints":{"allow":["GET"]}}],"collection":[{"href":"https:\/\/www.iiede.com.br\/index.php\/wp-json\/wp\/v2\/pages"}],"about":[{"href":"https:\/\/www.iiede.com.br\/index.php\/wp-json\/wp\/v2\/types\/page"}],"author":[{"embeddable":true,"href":"https:\/\/www.iiede.com.br\/index.php\/wp-json\/wp\/v2\/users\/1"}],"replies":[{"embeddable":true,"href":"https:\/\/www.iiede.com.br\/index.php\/wp-json\/wp\/v2\/comments?post=8"}],"version-history":[{"count":1,"href":"https:\/\/www.iiede.com.br\/index.php\/wp-json\/wp\/v2\/pages\/8\/revisions"}],"predecessor-version":[{"id":9,"href":"https:\/\/www.iiede.com.br\/index.php\/wp-json\/wp\/v2\/pages\/8\/revisions\/9"}],"wp:attachment":[{"href":"https:\/\/www.iiede.com.br\/index.php\/wp-json\/wp\/v2\/media?parent=8"}],"curies":[{"name":"wp","href":"https:\/\/api.w.org\/{rel}","templated":true}]}}