{"id":17,"date":"2017-03-06T11:28:24","date_gmt":"2017-03-06T14:28:24","guid":{"rendered":"http:\/\/fabiomedinaosorio.com.br\/iiede\/?page_id=17"},"modified":"2021-07-23T17:22:47","modified_gmt":"2021-07-23T20:22:47","slug":"membros-honorarios","status":"publish","type":"page","link":"https:\/\/www.iiede.com.br\/index.php\/membros-honorarios\/","title":{"rendered":"Membros Honor\u00e1rios"},"content":{"rendered":"<table border=\"0\">\n<tbody>\n<tr>\n<td valign=\"top\"><a href=\"https:\/\/www.upf.edu\/en\/web\/dret\/entry\/-\/-\/24524\/adscripcion\/andres-antonio-betancor\"><strong>Andr\u00e9s Betancor Rodr\u00edguez<\/strong><\/a><br \/>\nProf. Dr. Universidad Pompeu Fabra &#8211; Espanha<\/p>\n<p><a href=\"http:\/\/lattes.cnpq.br\/9823041159237981\"><strong>Cl\u00e1udia Lima Marques<\/strong><\/a><br \/>\nProfa. Dra. Universitat Heidelberg (Ruprecht-Karls), R.K.U.H. \u2013 Alemanha<\/p>\n<p><strong>Hans-Uwe Erichsen<\/strong><br \/>\nProf. Dr. Dr. h.c. Westf\u00e4lische Wilhelms-Universit\u00e4t (WWU) &#8211; Alemanha<\/p>\n<p><a href=\"http:\/\/lattes.cnpq.br\/7207255268186335\"><strong>Heleno Taveira T\u00f4rres<\/strong><\/a><br \/>\nProf. Dr. da Universidade de S\u00e3o Paulo &#8211; USP \u2013 Brasil<\/p>\n<p><a href=\"https:\/\/docplayer.com.br\/10872475-Jorge-manuel-moura-loureiro-de-miranda.html\"><strong>Jorge Manuel Moura Loureiro de Miranda<\/strong><\/a><br \/>\nProf. Dr. h.c. Faculdade de Direito da Universidade de Lisboa \u2013 Portugal<\/p>\n<p><a href=\"http:\/\/buscatextual.cnpq.br\/buscatextual\/visualizacv.do?metodo=apresentar&amp;id=K4780416H0\"><strong>Jos\u00e9 Souto Maior Borges<\/strong><\/a><br \/>\nProf. Dr. Universidade Federal de Pernambuco \u2013 Brasil<\/td>\n<td><\/td>\n<td valign=\"top\"><strong>Klaus Vogel &#8211; <em>in memoriam<\/em><\/strong><br \/>\nProf. Dr. Dr. h.c. Ludwig-Maximilians-Universit\u00e4t M\u00fcnchen \u2013 Alemanha<\/p>\n<p><a href=\"http:\/\/www.enciclopedia-aragonesa.com\/voz.asp?voz_id=8531\"><strong>Lorenzo Martin-Retortillo Baquer<\/strong><\/a><br \/>\nProf. Dr. Universidad Complutense de Madrid \u2013 Espanha<\/p>\n<p><a href=\"http:\/\/buscatextual.cnpq.br\/buscatextual\/visualizacv.do?metodo=apresentar&amp;id=K4794461J2\"><strong>L\u00facia Valle Figueiredo &#8211; <em>in memoriam<\/em><\/strong><\/a><br \/>\nProfa. Dra. Pontif\u00edcia Universidade Cat\u00f3lica de S\u00e3o Paulo \u2013 Brasil<\/p>\n<p><a href=\"http:\/\/buscatextual.cnpq.br\/buscatextual\/visualizacv.do?metodo=apresentar&amp;id=K4781468E3\"><strong>Luis Roberto Barroso<\/strong><\/a><br \/>\nProf. Dr. Universidade Estadual do Rio de Janeiro \u2013 Brasil<\/p>\n<p><a href=\"http:\/\/buscatextual.cnpq.br\/buscatextual\/visualizacv.do?metodo=apresentar&amp;id=K4781690T3\"><strong>Regina Linden Ruaro<\/strong><\/a><br \/>\nProfa. Dra. Universidad Complutense de Madrid \u2013 Espanha<\/p>\n<p><a href=\"http:\/\/buscatextual.cnpq.br\/buscatextual\/visualizacv.do?metodo=apresentar&amp;id=K4721683E5\"><strong>Ricardo Lobo Torres &#8211; <em>in memoriam<\/em><\/strong><\/a><br \/>\nProf. Dr. Universidade Estadual do Rio de Janeiro \u2013 Brasil<\/td>\n<\/tr>\n<\/tbody>\n<\/table>\n","protected":false},"excerpt":{"rendered":"<p>Andr\u00e9s Betancor Rodr\u00edguez Prof. Dr. Universidad Pompeu Fabra &#8211; Espanha Cl\u00e1udia Lima Marques Profa. Dra. Universitat Heidelberg (Ruprecht-Karls), R.K.U.H. \u2013 Alemanha Hans-Uwe Erichsen Prof. Dr. Dr. h.c. Westf\u00e4lische Wilhelms-Universit\u00e4t (WWU) &#8211; Alemanha Heleno Taveira T\u00f4rres Prof. Dr. da Universidade de S\u00e3o Paulo &#8211; USP \u2013 Brasil Jorge Manuel Moura Loureiro de Miranda Prof. Dr. h.c. [&hellip;]<\/p>\n","protected":false},"author":1,"featured_media":0,"parent":0,"menu_order":0,"comment_status":"closed","ping_status":"closed","template":"","meta":{"jetpack_post_was_ever_published":false,"footnotes":""},"class_list":["post-17","page","type-page","status-publish","hentry"],"aioseo_notices":[],"jetpack_sharing_enabled":true,"jetpack_shortlink":"https:\/\/wp.me\/P8yvmq-h","_links":{"self":[{"href":"https:\/\/www.iiede.com.br\/index.php\/wp-json\/wp\/v2\/pages\/17","targetHints":{"allow":["GET"]}}],"collection":[{"href":"https:\/\/www.iiede.com.br\/index.php\/wp-json\/wp\/v2\/pages"}],"about":[{"href":"https:\/\/www.iiede.com.br\/index.php\/wp-json\/wp\/v2\/types\/page"}],"author":[{"embeddable":true,"href":"https:\/\/www.iiede.com.br\/index.php\/wp-json\/wp\/v2\/users\/1"}],"replies":[{"embeddable":true,"href":"https:\/\/www.iiede.com.br\/index.php\/wp-json\/wp\/v2\/comments?post=17"}],"version-history":[{"count":5,"href":"https:\/\/www.iiede.com.br\/index.php\/wp-json\/wp\/v2\/pages\/17\/revisions"}],"predecessor-version":[{"id":8637,"href":"https:\/\/www.iiede.com.br\/index.php\/wp-json\/wp\/v2\/pages\/17\/revisions\/8637"}],"wp:attachment":[{"href":"https:\/\/www.iiede.com.br\/index.php\/wp-json\/wp\/v2\/media?parent=17"}],"curies":[{"name":"wp","href":"https:\/\/api.w.org\/{rel}","templated":true}]}}